{"id":8,"date":"2014-01-14T19:56:02","date_gmt":"2014-01-14T18:56:02","guid":{"rendered":"http:\/\/encansliquidex.globetechnologie.com\/?page_id=8"},"modified":"2019-11-25T12:59:26","modified_gmt":"2019-11-25T17:59:26","slug":"termes-et-conditions","status":"publish","type":"page","link":"https:\/\/encansliquidex.com\/?page_id=8","title":{"rendered":"Termes et conditions"},"content":{"rendered":"<p>TERMES ET CONDITIONS (SE RAPPORTANT A LA VENTE A L&rsquo;ENCAN)<\/p>\n<ol>\n<li>Seul la personne d\u00e9tenant un num\u00e9ro d&rsquo;ench\u00e9risseur pourra ench\u00e9rir lors de la vente par encan dirig\u00e9 par la cie LIQUIDEX.<\/li>\n<li>Toute personne d\u00e9sirant \u00eatre accord\u00e9e le privil\u00e8ge d&rsquo;un num\u00e9ro d&rsquo;ench\u00e9risseur devra d\u00e9poser un montant de 25.00$ (Vingt cinq dollars) en garantie (si applicable). Ce montant pourra \u00eatre r\u00e9clam\u00e9 par l&rsquo;acheteur en tout temps s&rsquo;il n&rsquo;a pas effectu\u00e9 d&rsquo;achat. Advenant le cas, son num\u00e9ro d&rsquo;ench\u00e9risseur et ces privil\u00e8ges lui seront retir\u00e9s. Lorsqu&rsquo;il y a achat, ce montant est d\u00e9duit du montant total de ces achats automatiquement au moment de la facturation.<\/li>\n<li>Lorsque la vente \u00e0 l&rsquo;encan aura d\u00e9but\u00e9, aucun article ou lot ne pourra \u00eatre sorti ou enlev\u00e9 de l&rsquo;endroit de la vente avant LA FIN de la dite encan, peut importe la grosseur ou le montant de l&rsquo;article ou le lot, et ce SANS EXCEPTION.<\/li>\n<li>Un acompte repr\u00e9sentant 25% du montant total des achats devra \u00eatre d\u00e9pos\u00e9 en garantie avant de quitter les lieux le jour m\u00eame de l&rsquo;encan si le montant total ne peut \u00eatre acquitte imm\u00e9diatement. \u00c0 partir de ce moment, l&rsquo;acheteur aura UNE JOURN\u00c9E ouvrable pour payer la balance due et prendre possession de ses achats. A d\u00e9faut de quoi, la marchandise sera revendue \u00e0 un encan ult\u00e9rieur et l&rsquo;acompte ainsi que le d\u00e9p\u00f4t seront confisqu\u00e9s a titre de dommage\/int\u00e9r\u00eat pay\u00e9 par l&rsquo;acheteur \u00e0 la cie LIQUIDEX. Dans le cas ou la marchandise revendue n&rsquo;atteint pas le montant de la vente initial, le dit acheteur se porte garant de la diff\u00e9rence.<\/li>\n<li>Toute taxe s&rsquo;appliquant \u00e0 la marchandise achet\u00e9e est en sus du prix ench\u00e9ri.<\/li>\n<li>Il est convenu que les biens mis en vente seront vendus selon la formule \u00ab\u00a0TEL QUEL SUR PLACE\u00a0\u00bb. Les ench\u00e9rissements seront accept\u00e9s en pr\u00e9sumant que l&rsquo;acheteur a examin\u00e9 les biens offerts en vente durant la p\u00e9riode d&rsquo;inspection pr\u00e9c\u00e9dent l&rsquo;encan, s&rsquo;est fi\u00e9 enti\u00e8rement sur son examen et enqu\u00eate, et aucune garantie ou condition n&rsquo;est donn\u00e9e ou ne peut \u00eatre sous-entendue quant \u00e0 la description ou \u00e9tat des biens de quelques mani\u00e8res que ce soit. Aucune r\u00e9clamation ni retour de marchandise ne sera accept\u00e9e et aucun argent ne sera rembours\u00e9 dans ces cas.<\/li>\n<li>Dans le cas d&rsquo;un litige ou d&rsquo;une divergence au sujet du prix, de quantit\u00e9, ou de la condition d&rsquo;un tel lot ou article, la d\u00e9cision de l&rsquo;encanteur fait foi de tout et elle est irr\u00e9futable.<\/li>\n<li>L&rsquo;encanteur se r\u00e9serve le droit de retirer, \u00e0 tout moment, le privil\u00e8ge d&rsquo;ench\u00e9risseur a quiconque ne se conforme pas aux usages et pratiques l\u00e9gales.<\/li>\n<li>L&rsquo;encanteur se r\u00e9serve le droit de refuser toute mise qu&rsquo;il juge inacceptable, irr\u00e9elle, ou non conforme.<\/li>\n<li>La cie LIQUIDEX se r\u00e9serve le droit de refuser \u00e0 tout demandeur un num\u00e9ro d&rsquo;ench\u00e9risseur.<\/li>\n<li>Toute d\u00e9claration sur les conditions ou termes de la vente \u00e0 l&rsquo;encan fait par l&rsquo;encanteur au d\u00e9but ou durant la vente \u00e0 l&rsquo;encan, a priorit\u00e9 sur les conditions ou termes ci-haut d\u00e9crits.<\/li>\n<\/ol>\n<hr \/>\n","protected":false},"excerpt":{"rendered":"<p>TERMES ET CONDITIONS (SE RAPPORTANT A LA VENTE A L&rsquo;ENCAN) Seul la personne d\u00e9tenant un num\u00e9ro d&rsquo;ench\u00e9risseur pourra ench\u00e9rir lors de la vente par encan dirig\u00e9 par la cie LIQUIDEX. Toute personne d\u00e9sirant \u00eatre accord\u00e9e le privil\u00e8ge d&rsquo;un num\u00e9ro d&rsquo;ench\u00e9risseur devra d\u00e9poser un montant de 25.00$ (Vingt cinq dollars) en garantie (si applicable). Ce montant &hellip; <a href=\"https:\/\/encansliquidex.com\/?page_id=8\" class=\"more-link\">Continuer la lecture de <span class=\"screen-reader-text\">Termes et conditions<\/span>  <span class=\"meta-nav\">&rarr;<\/span><\/a><\/p>\n","protected":false},"author":3,"featured_media":0,"parent":0,"menu_order":0,"comment_status":"closed","ping_status":"closed","template":"","meta":{"footnotes":""},"class_list":["post-8","page","type-page","status-publish","hentry"],"_links":{"self":[{"href":"https:\/\/encansliquidex.com\/index.php?rest_route=\/wp\/v2\/pages\/8","targetHints":{"allow":["GET"]}}],"collection":[{"href":"https:\/\/encansliquidex.com\/index.php?rest_route=\/wp\/v2\/pages"}],"about":[{"href":"https:\/\/encansliquidex.com\/index.php?rest_route=\/wp\/v2\/types\/page"}],"author":[{"embeddable":true,"href":"https:\/\/encansliquidex.com\/index.php?rest_route=\/wp\/v2\/users\/3"}],"replies":[{"embeddable":true,"href":"https:\/\/encansliquidex.com\/index.php?rest_route=%2Fwp%2Fv2%2Fcomments&post=8"}],"version-history":[{"count":2,"href":"https:\/\/encansliquidex.com\/index.php?rest_route=\/wp\/v2\/pages\/8\/revisions"}],"predecessor-version":[{"id":69,"href":"https:\/\/encansliquidex.com\/index.php?rest_route=\/wp\/v2\/pages\/8\/revisions\/69"}],"wp:attachment":[{"href":"https:\/\/encansliquidex.com\/index.php?rest_route=%2Fwp%2Fv2%2Fmedia&parent=8"}],"curies":[{"name":"wp","href":"https:\/\/api.w.org\/{rel}","templated":true}]}}