{"id":5,"date":"2014-01-14T19:53:26","date_gmt":"2014-01-14T18:53:26","guid":{"rendered":"http:\/\/encansliquidex.globetechnologie.com\/?page_id=5"},"modified":"2019-11-25T12:59:26","modified_gmt":"2019-11-25T17:59:26","slug":"profil","status":"publish","type":"page","link":"https:\/\/encansliquidex.com\/","title":{"rendered":"Profil"},"content":{"rendered":"<p><img loading=\"lazy\" decoding=\"async\" class=\"alignnone size-medium wp-image-6\" style=\"float: right; margin: 0 0 10px 10px;\" src=\".\/wp-content\/uploads\/2014\/01\/PhotoIndexProfil1-250x300.jpg\" alt=\"PhotoIndexProfil[1]\" width=\"250\" height=\"300\" \/>Les Encans Liquidex est une entreprise familiale situ\u00e9e \u00e0 Ste-Agathe de Lotbini\u00e8re \u00e0 trente minutes de Qu\u00e9bec.<\/p>\n<p>Fond\u00e9 en 1980, par son pr\u00e9sident M. Len Small encanteur depuis 1979, il travail au c\u00f4t\u00e9 de son fils Glen Small qui lui encante depuis 1993. Avec leurs exp\u00e9riences, ils sont devenus sp\u00e9cialiste dans le domaine de la vente par liquidation.<\/p>\n<p>Aujourd\u2019hui plus de vingt-cinq ans plus tard, la compagnie compte plus de six mille encans touchant plusieurs secteurs d\u2019activit\u00e9s soit le commercial, l\u2019industriel, l\u2019automobile, la fonction public et le r\u00e9sidentiel. Ayant un secteur d\u2019activit\u00e9 diversifi\u00e9 cela nous a permis de nous faire conna\u00eetre au quatres coins de la province.<\/p>\n<p>Les Encans Liquidex est avant-gardiste, elle f\u00fbt l\u2019une des premi\u00e8res \u00e0 se doter d\u2019un syst\u00e8me informatique permettant d\u2019offrir un service plus rapide et efficace pour les acheteurs. Nous sommes entour\u00e9s d\u2019un personnel exp\u00e9riment\u00e9 et courtois qui participe grandement \u00e0 notre r\u00e9ussite.<\/p>\n<p>Dans le pass\u00e9, plusieurs ont fait appels aux services des Encans Liquidex pour leur professionnalisme dans les relations d\u2019affaires ainsi que le respect de leur client\u00e8le.<\/p>\n","protected":false},"excerpt":{"rendered":"<p>Les Encans Liquidex est une entreprise familiale situ\u00e9e \u00e0 Ste-Agathe de Lotbini\u00e8re \u00e0 trente minutes de Qu\u00e9bec. Fond\u00e9 en 1980, par son pr\u00e9sident M. Len Small encanteur depuis 1979, il travail au c\u00f4t\u00e9 de son fils Glen Small qui lui encante depuis 1993. Avec leurs exp\u00e9riences, ils sont devenus sp\u00e9cialiste dans le domaine de la &hellip; <a href=\"https:\/\/encansliquidex.com\/\" class=\"more-link\">Continuer la lecture de <span class=\"screen-reader-text\">Profil<\/span>  <span class=\"meta-nav\">&rarr;<\/span><\/a><\/p>\n","protected":false},"author":3,"featured_media":0,"parent":0,"menu_order":0,"comment_status":"closed","ping_status":"closed","template":"","meta":{"footnotes":""},"class_list":["post-5","page","type-page","status-publish","hentry"],"_links":{"self":[{"href":"https:\/\/encansliquidex.com\/index.php?rest_route=\/wp\/v2\/pages\/5","targetHints":{"allow":["GET"]}}],"collection":[{"href":"https:\/\/encansliquidex.com\/index.php?rest_route=\/wp\/v2\/pages"}],"about":[{"href":"https:\/\/encansliquidex.com\/index.php?rest_route=\/wp\/v2\/types\/page"}],"author":[{"embeddable":true,"href":"https:\/\/encansliquidex.com\/index.php?rest_route=\/wp\/v2\/users\/3"}],"replies":[{"embeddable":true,"href":"https:\/\/encansliquidex.com\/index.php?rest_route=%2Fwp%2Fv2%2Fcomments&post=5"}],"version-history":[{"count":6,"href":"https:\/\/encansliquidex.com\/index.php?rest_route=\/wp\/v2\/pages\/5\/revisions"}],"predecessor-version":[{"id":680,"href":"https:\/\/encansliquidex.com\/index.php?rest_route=\/wp\/v2\/pages\/5\/revisions\/680"}],"wp:attachment":[{"href":"https:\/\/encansliquidex.com\/index.php?rest_route=%2Fwp%2Fv2%2Fmedia&parent=5"}],"curies":[{"name":"wp","href":"https:\/\/api.w.org\/{rel}","templated":true}]}}